{"id":21297,"date":"2023-11-29T16:26:01","date_gmt":"2023-11-29T14:26:01","guid":{"rendered":"https:\/\/vilniaustureklai.lt\/?post_type=product&#038;p=21297"},"modified":"2023-11-29T16:26:03","modified_gmt":"2023-11-29T14:26:03","slug":"laiptu-tureklai-97","status":"publish","type":"product","link":"https:\/\/vilniaustureklai.lt\/en\/product\/laiptu-tureklai-97\/","title":{"rendered":"Laipt\u0173 tur\u0117klai 97"},"content":{"rendered":"<p>Tur\u0117klai laiptams su LED ap\u0161vietimu. \u0160iame projekte gaminome porank\u012f prie sienos su LED ap\u0161vietimu, klientui pasi\u016bl\u0117me vis\u0105 projekt\u0105 su pajungimu. Antrame auk\u0161te pagaminome metalin\u0119 tvorel\u0119 su toki\u0173 pa\u010di\u0173 matmen\u0173 mediniu porankiu. Medinio porankio spalv\u0105 derinome prie grind\u0173.<\/p>\n","protected":false},"excerpt":{"rendered":"<p>Tur\u0117klai laiptams su LED ap\u0161vietimu. \u0160iame projekte gaminome porank\u012f prie sienos su LED ap\u0161vietimu, klientui pasi\u016bl\u0117me vis\u0105 projekt\u0105 su pajungimu. Antrame auk\u0161te pagaminome metalin\u0119 tvorel\u0119 su toki\u0173 pa\u010di\u0173 matmen\u0173 mediniu porankiu. Medinio porankio spalv\u0105 derinome prie grind\u0173.<\/p>\n","protected":false},"featured_media":21298,"template":"","meta":[],"product_brand":[],"product_cat":[75],"product_tag":[],"class_list":{"0":"post-21297","1":"product","2":"type-product","3":"status-publish","4":"has-post-thumbnail","6":"product_cat-laiptu-tureklai","8":"first","9":"instock","10":"shipping-taxable","11":"product-type-simple"},"_links":{"self":[{"href":"https:\/\/vilniaustureklai.lt\/en\/wp-json\/wp\/v2\/product\/21297","targetHints":{"allow":["GET"]}}],"collection":[{"href":"https:\/\/vilniaustureklai.lt\/en\/wp-json\/wp\/v2\/product"}],"about":[{"href":"https:\/\/vilniaustureklai.lt\/en\/wp-json\/wp\/v2\/types\/product"}],"wp:featuredmedia":[{"embeddable":true,"href":"https:\/\/vilniaustureklai.lt\/en\/wp-json\/wp\/v2\/media\/21298"}],"wp:attachment":[{"href":"https:\/\/vilniaustureklai.lt\/en\/wp-json\/wp\/v2\/media?parent=21297"}],"wp:term":[{"taxonomy":"product_brand","embeddable":true,"href":"https:\/\/vilniaustureklai.lt\/en\/wp-json\/wp\/v2\/product_brand?post=21297"},{"taxonomy":"product_cat","embeddable":true,"href":"https:\/\/vilniaustureklai.lt\/en\/wp-json\/wp\/v2\/product_cat?post=21297"},{"taxonomy":"product_tag","embeddable":true,"href":"https:\/\/vilniaustureklai.lt\/en\/wp-json\/wp\/v2\/product_tag?post=21297"}],"curies":[{"name":"wp","href":"https:\/\/api.w.org\/{rel}","templated":true}]}}