{"id":20822,"date":"2023-11-23T13:49:48","date_gmt":"2023-11-23T11:49:48","guid":{"rendered":"https:\/\/vilniaustureklai.lt\/product\/daugiabuciu-tureklai-28\/"},"modified":"2023-11-23T13:49:48","modified_gmt":"2023-11-23T11:49:48","slug":"daugiabuciu-tureklai-28","status":"publish","type":"product","link":"https:\/\/vilniaustureklai.lt\/en\/product\/daugiabuciu-tureklai-28\/","title":{"rendered":"Daugiabu\u010di\u0173 tur\u0117klai 28"},"content":{"rendered":"<p>Staircase handrails to suit all requirements. We have manufactured a stainless steel handrail with a height of H-900 mm for comfortable use. <\/p>\n","protected":false},"excerpt":{"rendered":"<p>Staircase handrails to suit all requirements. We have manufactured a stainless steel handrail with a height of H-900 mm for comfortable use.<\/p>\n","protected":false},"featured_media":26198,"template":"","meta":[],"product_brand":[],"product_cat":[86],"product_tag":[],"class_list":{"0":"post-20822","1":"product","2":"type-product","3":"status-publish","4":"has-post-thumbnail","6":"product_cat-railings-for-apartment-buildings","8":"first","9":"instock","10":"shipping-taxable","11":"product-type-simple"},"_links":{"self":[{"href":"https:\/\/vilniaustureklai.lt\/en\/wp-json\/wp\/v2\/product\/20822","targetHints":{"allow":["GET"]}}],"collection":[{"href":"https:\/\/vilniaustureklai.lt\/en\/wp-json\/wp\/v2\/product"}],"about":[{"href":"https:\/\/vilniaustureklai.lt\/en\/wp-json\/wp\/v2\/types\/product"}],"wp:featuredmedia":[{"embeddable":true,"href":"https:\/\/vilniaustureklai.lt\/en\/wp-json\/wp\/v2\/media\/26198"}],"wp:attachment":[{"href":"https:\/\/vilniaustureklai.lt\/en\/wp-json\/wp\/v2\/media?parent=20822"}],"wp:term":[{"taxonomy":"product_brand","embeddable":true,"href":"https:\/\/vilniaustureklai.lt\/en\/wp-json\/wp\/v2\/product_brand?post=20822"},{"taxonomy":"product_cat","embeddable":true,"href":"https:\/\/vilniaustureklai.lt\/en\/wp-json\/wp\/v2\/product_cat?post=20822"},{"taxonomy":"product_tag","embeddable":true,"href":"https:\/\/vilniaustureklai.lt\/en\/wp-json\/wp\/v2\/product_tag?post=20822"}],"curies":[{"name":"wp","href":"https:\/\/api.w.org\/{rel}","templated":true}]}}