{"id":20402,"date":"2023-11-06T17:18:30","date_gmt":"2023-11-06T15:18:30","guid":{"rendered":"https:\/\/vilniaustureklai.lt\/product\/stairways-5\/"},"modified":"2023-11-06T17:18:30","modified_gmt":"2023-11-06T15:18:30","slug":"laiptasijos-5","status":"publish","type":"product","link":"https:\/\/vilniaustureklai.lt\/en\/product\/laiptasijos-5\/","title":{"rendered":"Stairways 5"},"content":{"rendered":"<p>Metalinis laipt\u0173 karkasas, dar vadinamas. Tai yra vienas da\u017eniausiai pasitaikantis laipt\u0173 modelis. \u0160iame projekte papildomai pirm\u0105 mar\u0161a apdirbome med\u017eiu i\u0161 vis\u0173 pusi\u0173.  <\/p>\n","protected":false},"excerpt":{"rendered":"<p>Metalinis laipt\u0173 karkasas, dar vadinamas. Tai yra vienas da\u017eniausiai pasitaikantis laipt\u0173 modelis. \u0160iame projekte papildomai pirm\u0105 mar\u0161a apdirbome med\u017eiu i\u0161 vis\u0173 pusi\u0173.<\/p>\n","protected":false},"featured_media":26485,"template":"","meta":[],"product_brand":[],"product_cat":[87],"product_tag":[],"class_list":{"0":"post-20402","1":"product","2":"type-product","3":"status-publish","4":"has-post-thumbnail","6":"product_cat-stairways","8":"first","9":"instock","10":"shipping-taxable","11":"product-type-simple"},"_links":{"self":[{"href":"https:\/\/vilniaustureklai.lt\/en\/wp-json\/wp\/v2\/product\/20402","targetHints":{"allow":["GET"]}}],"collection":[{"href":"https:\/\/vilniaustureklai.lt\/en\/wp-json\/wp\/v2\/product"}],"about":[{"href":"https:\/\/vilniaustureklai.lt\/en\/wp-json\/wp\/v2\/types\/product"}],"wp:featuredmedia":[{"embeddable":true,"href":"https:\/\/vilniaustureklai.lt\/en\/wp-json\/wp\/v2\/media\/26485"}],"wp:attachment":[{"href":"https:\/\/vilniaustureklai.lt\/en\/wp-json\/wp\/v2\/media?parent=20402"}],"wp:term":[{"taxonomy":"product_brand","embeddable":true,"href":"https:\/\/vilniaustureklai.lt\/en\/wp-json\/wp\/v2\/product_brand?post=20402"},{"taxonomy":"product_cat","embeddable":true,"href":"https:\/\/vilniaustureklai.lt\/en\/wp-json\/wp\/v2\/product_cat?post=20402"},{"taxonomy":"product_tag","embeddable":true,"href":"https:\/\/vilniaustureklai.lt\/en\/wp-json\/wp\/v2\/product_tag?post=20402"}],"curies":[{"name":"wp","href":"https:\/\/api.w.org\/{rel}","templated":true}]}}