{"id":12043,"date":"2022-03-09T22:39:00","date_gmt":"2022-03-09T20:39:00","guid":{"rendered":"https:\/\/vilniaustureklai.lt\/product\/stair-steps-10\/"},"modified":"2023-11-20T15:15:07","modified_gmt":"2023-11-20T13:15:07","slug":"laiptu-pakopos-10","status":"publish","type":"product","link":"https:\/\/vilniaustureklai.lt\/en\/product\/laiptu-pakopos-10\/","title":{"rendered":"Wooden stairs 10"},"content":{"rendered":"<p>Wooden steps with knots. Wood with knots is not bad and the guarantee is the same as for class A wood. The knots are glazed in black or wood colour. Medin\u0117s pakopos su \u0161akomis. Mediena su \u0161akomis n\u0117ra bloga, garantija tokiam produktai tokia pati kaip ir A klas\u0117s medienai. \u0160ak\u0173 vieta \u0161pakliuojame juoda arba med\u017eio spalva.  <\/p>\n","protected":false},"excerpt":{"rendered":"<p>Wooden steps with knots. Wood with knots is not bad and the guarantee is the same as for class A wood. The knots are glazed in black or wood colour. Medin\u0117s pakopos su \u0161akomis. Mediena su \u0161akomis n\u0117ra bloga, garantija tokiam produktai tokia pati kaip ir A klas\u0117s medienai. \u0160ak\u0173 vieta \u0161pakliuojame juoda arba med\u017eio [&hellip;]<\/p>\n","protected":false},"featured_media":25988,"template":"","meta":[],"product_brand":[],"product_cat":[88],"product_tag":[],"class_list":{"0":"post-12043","1":"product","2":"type-product","3":"status-publish","4":"has-post-thumbnail","6":"product_cat-wooden-stairs","8":"first","9":"instock","10":"shipping-taxable","11":"product-type-simple"},"_links":{"self":[{"href":"https:\/\/vilniaustureklai.lt\/en\/wp-json\/wp\/v2\/product\/12043","targetHints":{"allow":["GET"]}}],"collection":[{"href":"https:\/\/vilniaustureklai.lt\/en\/wp-json\/wp\/v2\/product"}],"about":[{"href":"https:\/\/vilniaustureklai.lt\/en\/wp-json\/wp\/v2\/types\/product"}],"wp:featuredmedia":[{"embeddable":true,"href":"https:\/\/vilniaustureklai.lt\/en\/wp-json\/wp\/v2\/media\/25988"}],"wp:attachment":[{"href":"https:\/\/vilniaustureklai.lt\/en\/wp-json\/wp\/v2\/media?parent=12043"}],"wp:term":[{"taxonomy":"product_brand","embeddable":true,"href":"https:\/\/vilniaustureklai.lt\/en\/wp-json\/wp\/v2\/product_brand?post=12043"},{"taxonomy":"product_cat","embeddable":true,"href":"https:\/\/vilniaustureklai.lt\/en\/wp-json\/wp\/v2\/product_cat?post=12043"},{"taxonomy":"product_tag","embeddable":true,"href":"https:\/\/vilniaustureklai.lt\/en\/wp-json\/wp\/v2\/product_tag?post=12043"}],"curies":[{"name":"wp","href":"https:\/\/api.w.org\/{rel}","templated":true}]}}