{"id":27049,"date":"2026-04-10T05:12:43","date_gmt":"2026-04-10T02:12:43","guid":{"rendered":"https:\/\/vilniaustureklai.lt\/karjera\/"},"modified":"2026-04-21T22:53:51","modified_gmt":"2026-04-21T19:53:51","slug":"karjera","status":"publish","type":"page","link":"https:\/\/vilniaustureklai.lt\/en\/karjera\/","title":{"rendered":"Career"},"content":{"rendered":"\t\t<div data-elementor-type=\"wp-page\" data-elementor-id=\"27049\" class=\"elementor elementor-27049 elementor-26974\" data-elementor-post-type=\"page\">\n\t\t\t\t\t\t<section class=\"elementor-section elementor-top-section elementor-element elementor-element-1c2aa37 qodef-elementor-content-grid elementor-section-boxed elementor-section-height-default elementor-section-height-default\" data-id=\"1c2aa37\" data-element_type=\"section\" data-e-type=\"section\" data-settings=\"{&quot;jet_parallax_layout_list&quot;:[]}\">\n\t\t\t\t\t\t<div class=\"elementor-container elementor-column-gap-default\">\n\t\t\t\t\t<div class=\"elementor-column elementor-col-100 elementor-top-column elementor-element elementor-element-0537766\" data-id=\"0537766\" data-element_type=\"column\" data-e-type=\"column\">\n\t\t\t<div class=\"elementor-widget-wrap elementor-element-populated\">\n\t\t\t\t\t\t<div class=\"elementor-element elementor-element-14c6c03 elementor-widget elementor-widget-image\" data-id=\"14c6c03\" data-element_type=\"widget\" data-e-type=\"widget\" data-widget_type=\"image.default\">\n\t\t\t\t<div class=\"elementor-widget-container\">\n\t\t\t\t\t\t\t\t\t\t\t\t\t\t\t<img fetchpriority=\"high\" decoding=\"async\" width=\"1600\" height=\"1200\" src=\"https:\/\/vilniaustureklai.lt\/wp-content\/uploads\/2026\/04\/664915821_973246081903739_6967209529022551949_n.jpg\" class=\"attachment-full size-full wp-image-27071\" alt=\"karjera\" srcset=\"https:\/\/vilniaustureklai.lt\/wp-content\/uploads\/2026\/04\/664915821_973246081903739_6967209529022551949_n.jpg 1600w, https:\/\/vilniaustureklai.lt\/wp-content\/uploads\/2026\/04\/664915821_973246081903739_6967209529022551949_n-300x225.jpg 300w, https:\/\/vilniaustureklai.lt\/wp-content\/uploads\/2026\/04\/664915821_973246081903739_6967209529022551949_n-1024x768.jpg 1024w, https:\/\/vilniaustureklai.lt\/wp-content\/uploads\/2026\/04\/664915821_973246081903739_6967209529022551949_n-768x576.jpg 768w, https:\/\/vilniaustureklai.lt\/wp-content\/uploads\/2026\/04\/664915821_973246081903739_6967209529022551949_n-1536x1152.jpg 1536w, https:\/\/vilniaustureklai.lt\/wp-content\/uploads\/2026\/04\/664915821_973246081903739_6967209529022551949_n-600x450.jpg 600w\" sizes=\"(max-width: 1600px) 100vw, 1600px\" \/>\t\t\t\t\t\t\t\t\t\t\t\t\t\t\t<\/div>\n\t\t\t\t<\/div>\n\t\t\t\t<div class=\"elementor-element elementor-element-27700af elementor-widget elementor-widget-text-editor\" data-id=\"27700af\" data-element_type=\"widget\" data-e-type=\"widget\" data-widget_type=\"text-editor.default\">\n\t\t\t\t<div class=\"elementor-widget-container\">\n\t\t\t\t\t\t\t\t\t<h2>Career \u2014 Vilniaus Tur\u0117klai<\/h2>\t\t\t\t\t\t\t\t<\/div>\n\t\t\t\t<\/div>\n\t\t\t\t\t<\/div>\n\t\t<\/div>\n\t\t\t\t\t<\/div>\n\t\t<\/section>\n\t\t\t\t<section class=\"elementor-section elementor-top-section elementor-element elementor-element-54a30f5 qodef-elementor-content-grid elementor-section-boxed elementor-section-height-default elementor-section-height-default\" data-id=\"54a30f5\" data-element_type=\"section\" data-e-type=\"section\" data-settings=\"{&quot;jet_parallax_layout_list&quot;:[]}\">\n\t\t\t\t\t\t<div class=\"elementor-container elementor-column-gap-default\">\n\t\t\t\t\t<div class=\"elementor-column elementor-col-100 elementor-top-column elementor-element elementor-element-9605616\" data-id=\"9605616\" data-element_type=\"column\" data-e-type=\"column\">\n\t\t\t<div class=\"elementor-widget-wrap elementor-element-populated\">\n\t\t\t\t\t\t<div class=\"elementor-element elementor-element-0100b46 elementor-widget elementor-widget-text-editor\" data-id=\"0100b46\" data-element_type=\"widget\" data-e-type=\"widget\" data-widget_type=\"text-editor.default\">\n\t\t\t\t<div class=\"elementor-widget-container\">\n\t\t\t\t\t\t\t\t\t<h5><span style=\"letter-spacing: 0.01em;\">Join our team<\/span><\/h5>\n<p>Vilniaus Tur\u0117klai \u2014 since 2015, we have been manufacturing and installing metal railings, stair structures, treads, and windowsills. We are looking for motivated specialists who want to grow with us. We offer stable work in Vilnius and a friendly team environment.<\/p>\n<h5>&nbsp;<\/h5>\n<h5>1. Designer \/ Engineer<\/h5>\n<p><b>Nature of work<\/b><\/p>\n<p>Preparation of drawings and technical projects for the production of railings, stairs, and metal structures. Direct communication with clients regarding technical solutions and project coordination.<\/p>\n<p><b>Requirements<\/b><\/p>\n<ul>\n<li>Education in civil engineering, mechanics, or a similar field<\/li>\n<li>Proficiency in AutoCAD or SolidWorks \/ Tekla or similar software<\/li>\n<li>Ability to read and prepare technical drawings<\/li>\n<li>Work experience in the field of metal structures is an advantage<\/li>\n<li>Communication skills, responsibility, and the ability to manage multiple projects simultaneously<\/li>\n<\/ul>\n<p><b>What we offer<\/b><\/p>\n<ul>\n<li>Stable work and clear tasks<\/li>\n<li>Opportunity to participate in various interior and business projects<\/li>\n<li>A friendly and professional team<\/li>\n<li>Full social guarantees<\/li>\n<\/ul><div>Net salary starting at 1,100 EUR.<br><br><\/div>\n<h5>2. Metal Structure Installer<\/h5>\n<p><b>Nature of work<\/b><\/p>\n<p>Installation of railings, stair structures, and other metal products at client sites in Vilnius and throughout Lithuania. Work is carried out according to technical drawings and production standards.<\/p>\n<p><b>Requirements<\/b><\/p>\n<ul>\n<li>Experience in installing metal structures (railings, stairs, balconies, etc.)<\/li>\n<li>Ability to read technical drawings<\/li>\n<li>Category B driver&#8217;s license (advantage)<\/li>\n<li>Responsibility, diligence, and the ability to work in a team<\/li>\n<li>Experience with drills, angle grinders, and other installation tools<\/li>\n<\/ul>\n<p><b>What we offer<\/b><\/p>\n<ul>\n<li>Permanent work without seasonality<\/li>\n<li>Full social guarantees<\/li>\n<li>Work in Vilnius and surrounding areas (no long-term business trips)<\/li>\n<li>A friendly team and a good working environment<br><br>Net salary starting at 1,100 EUR.<\/li><\/ul><div><span style=\"color: #111111; font-size: 27px; letter-spacing: 0.035em;\"><br><\/span><\/div>\n<div><span style=\"color: #111111; font-size: 27px; letter-spacing: 0.035em;\">3. Welder<\/span><\/div>\n<p><b>Nature of work<\/b><\/p>\n<p>Welding of metal railings, stair structures, and other products according to technical drawings at our production facility in Vilnius.<\/p>\n<p><b>Requirements<\/b><\/p>\n<ul>\n<li>Welding experience (MIG\/MAG 135\/136 or TIG 141 processes)<\/li>\n<li>Ability to read technical drawings<\/li>\n<li>Diligence and attention to quality<\/li>\n<li>Experience working with carbon steel and\/or stainless steel is an advantage<\/li>\n<li>Welder&#8217;s certificate is an advantage, but not required<\/li>\n<\/ul>\n<p><b>What we offer<\/b><\/p>\n<ul>\n<li>Modern working environment and high-quality equipment<\/li>\n<li>Opportunity to improve and upgrade qualifications<\/li>\n<li>Stable salary and a friendly team<\/li>\n<li>Full social guarantees<\/li>\n<\/ul><div>Net salary starting at 1,100 EUR.<\/div><div><br><\/div>\n<h4>How to apply?<\/h4>\n<p>Send your CV and a short introduction by email or call us. A CV is not mandatory \u2014 what matters most is your desire to work.<\/p>\n<p><b>Email: <\/b><a style=\"letter-spacing: 0.01em;\" href=\"mailto:info@vilniaustureklai.lt\" target=\"_blank\" rel=\"noopener\">info@vilniaustureklai.lt<\/a><\/p>\n<p><b>Tel.: <\/b><a style=\"letter-spacing: 0.01em;\" href=\"http:\/\/tel:+37063915591\" target=\"_blank\" rel=\"noopener\">+370 639 15591<\/a><\/p>\n<p><b>Production address: <\/b>Metalo g. 13B, Vilnius<\/p>\t\t\t\t\t\t\t\t<\/div>\n\t\t\t\t<\/div>\n\t\t\t\t\t<\/div>\n\t\t<\/div>\n\t\t\t\t\t<\/div>\n\t\t<\/section>\n\t\t\t\t<section class=\"elementor-section elementor-top-section elementor-element elementor-element-7b47422 qodef-elementor-content-grid elementor-section-boxed elementor-section-height-default elementor-section-height-default\" data-id=\"7b47422\" data-element_type=\"section\" data-e-type=\"section\" data-settings=\"{&quot;jet_parallax_layout_list&quot;:[]}\">\n\t\t\t\t\t\t<div class=\"elementor-container elementor-column-gap-default\">\n\t\t\t\t\t<div class=\"elementor-column elementor-col-100 elementor-top-column elementor-element elementor-element-0b9cf99\" data-id=\"0b9cf99\" data-element_type=\"column\" data-e-type=\"column\">\n\t\t\t<div class=\"elementor-widget-wrap elementor-element-populated\">\n\t\t\t\t\t\t<div class=\"elementor-element elementor-element-913f700 elementor-widget elementor-widget-contact-form-7\" data-id=\"913f700\" data-element_type=\"widget\" data-e-type=\"widget\" data-widget_type=\"contact-form-7.default\">\n\t\t\t\t<div class=\"elementor-widget-container\">\n\t\t\t\t\t<div class=\"elementor-contact-form-7 jet-elements\">\n<div class=\"wpcf7 no-js\" id=\"wpcf7-f27056-o1\" lang=\"en-US\" dir=\"ltr\" data-wpcf7-id=\"27056\">\n<div class=\"screen-reader-response\"><p role=\"status\" aria-live=\"polite\" aria-atomic=\"true\"><\/p> <ul><\/ul><\/div>\n<form action=\"\/en\/wp-json\/wp\/v2\/pages\/27049#wpcf7-f27056-o1\" method=\"post\" class=\"wpcf7-form init\" aria-label=\"Contact form\" enctype=\"multipart\/form-data\" novalidate=\"novalidate\" data-status=\"init\">\n<fieldset class=\"hidden-fields-container\"><input type=\"hidden\" name=\"_wpcf7\" value=\"27056\" \/><input type=\"hidden\" name=\"_wpcf7_version\" value=\"6.1.5\" \/><input type=\"hidden\" name=\"_wpcf7_locale\" value=\"en_US\" \/><input type=\"hidden\" name=\"_wpcf7_unit_tag\" value=\"wpcf7-f27056-o1\" \/><input type=\"hidden\" name=\"_wpcf7_container_post\" value=\"0\" \/><input type=\"hidden\" name=\"_wpcf7_posted_data_hash\" value=\"\" \/><input type=\"hidden\" name=\"_wpcf7_recaptcha_response\" value=\"\" \/>\n<\/fieldset>\n<div class=\"qodef-standard-contact-form\">\n    <span class=\"wpcf7-form-control-wrap\" data-name=\"your-name\"><input size=\"40\" maxlength=\"400\" class=\"wpcf7-form-control wpcf7-text wpcf7-validates-as-required\" aria-required=\"true\" aria-invalid=\"false\" placeholder=\"Name\" value=\"\" type=\"text\" name=\"your-name\" \/><\/span>\n    <span class=\"wpcf7-form-control-wrap\" data-name=\"your-email\"><input size=\"40\" maxlength=\"400\" class=\"wpcf7-form-control wpcf7-email wpcf7-validates-as-required wpcf7-text wpcf7-validates-as-email\" aria-required=\"true\" aria-invalid=\"false\" placeholder=\"E-mail\" value=\"\" type=\"email\" name=\"your-email\" \/><\/span>\n    <span class=\"wpcf7-form-control-wrap\" data-name=\"your-subject\"><input size=\"40\" maxlength=\"400\" class=\"wpcf7-form-control wpcf7-text\" aria-invalid=\"false\" placeholder=\"Position you are applying for\" value=\"\" type=\"text\" name=\"your-subject\" \/><\/span>\n    <span class=\"wpcf7-form-control-wrap\" data-name=\"your-message\"><textarea cols=\"40\" rows=\"3\" maxlength=\"2000\" class=\"wpcf7-form-control wpcf7-textarea\" aria-invalid=\"false\" placeholder=\"Why I want to work with you:\" name=\"your-message\"><\/textarea><\/span>\n    \n    <div class=\"acceptance-wrapper\" style=\"margin-top: 20px;\">\n        <span class=\"wpcf7-form-control-wrap\" data-name=\"acceptance-170\"><span class=\"wpcf7-form-control wpcf7-acceptance\"><span class=\"wpcf7-list-item\"><label><input type=\"checkbox\" name=\"acceptance-170\" value=\"1\" aria-invalid=\"false\" \/><span class=\"wpcf7-list-item-label\">I agree to the terms and conditions in the privacy policy<\/span><\/label><\/span><\/span><\/span>\n    <\/div>\n\n    <div class=\"cv-custom-container\">\n        <p style=\"margin-bottom: 15px; color: #666; font-size: 0.9em;\">Attach your CV (PDF, DOC, DOCX)<\/p>\n        \n        <div class=\"button-row-container\">\n            <div class=\"cv-button-wrapper\">\n                <label class=\"qodef-shortcode qodef-m qodef-button qodef-layout--outlined qodef-html--link career-file-label\">\n                    <span class=\"wpcf7-form-control-wrap\" data-name=\"your-cv\"><input size=\"40\" class=\"wpcf7-form-control wpcf7-file\" id=\"cv-file\" accept=\".pdf,.doc,.docx,.jpg,.png\" aria-invalid=\"false\" type=\"file\" name=\"your-cv\" \/><\/span>\n                    \n                    <span class=\"qodef-m-text\">ATTACH CV<\/span>\n                    \n                    <span class=\"qodef-m-corner qodef--top-left\"><\/span>\n                    <span class=\"qodef-m-corner qodef--top-right\"><\/span>\n                    <span class=\"qodef-m-corner qodef--bottom-left\"><\/span>\n                    <span class=\"qodef-m-corner qodef--bottom-right\"><\/span>\n                <\/label>\n            <\/div>\n\n            <div class=\"submit-wrapper\">\n                <button class=\"wpcf7-form-control wpcf7-submit qodef-button qodef-size--normal qodef-layout--outlined qodef-m\" type=\"submit\"><span class=\"qodef-m-text\">SEND<\/span>\n            <span class=\"qodef-m-corner qodef--top-left\"><\/span>\n            <span class=\"qodef-m-corner qodef--top-right\"><\/span>\n            <span class=\"qodef-m-corner qodef--bottom-left\"><\/span>\n            <span class=\"qodef-m-corner qodef--bottom-right\"><\/span>\n\t\t\t<span class=\"qodef-m-btn-line qodef-btn-line--top\"><\/span>\n\t\t\t<span class=\"qodef-m-btn-line qodef-btn-line--right\"><\/span>\n\t\t\t<span class=\"qodef-m-btn-line qodef-btn-line--bottom\"><\/span>\n\t\t\t<span class=\"qodef-m-btn-line qodef-btn-line--left\"><\/span><\/button>\n            <\/div>\n        <\/div>\n        \n        <div id=\"file-name-display\" style=\"font-size: 11px; margin-top: 10px; color: #222; letter-spacing: 1px; text-transform: uppercase; font-weight: 600;\"><\/div>\n    <\/div>\n<\/div><div class=\"wpcf7-response-output\" aria-hidden=\"true\"><\/div>\n<\/form>\n<\/div>\n<\/div>\t\t\t\t<\/div>\n\t\t\t\t<\/div>\n\t\t\t\t\t<\/div>\n\t\t<\/div>\n\t\t\t\t\t<\/div>\n\t\t<\/section>\n\t\t\t\t<section class=\"elementor-section elementor-top-section elementor-element elementor-element-82ea81a elementor-section-full_width qodef-elementor-content-grid elementor-section-height-default elementor-section-height-default\" data-id=\"82ea81a\" data-element_type=\"section\" data-e-type=\"section\" data-settings=\"{&quot;jet_parallax_layout_list&quot;:[]}\">\n\t\t\t\t\t\t<div class=\"elementor-container elementor-column-gap-default\">\n\t\t\t\t\t<div data-tp-sc-link=\"\/verslui\/\" data-tp-sc-link-external=\"\" style=\"cursor: pointer\" class=\"elementor-column elementor-col-33 elementor-top-column elementor-element elementor-element-b0a25ad\" data-id=\"b0a25ad\" data-element_type=\"column\" data-e-type=\"column\">\n\t\t\t<div class=\"elementor-widget-wrap elementor-element-populated\">\n\t\t\t\t\t\t<div class=\"elementor-element elementor-element-304a0a1 elementor-widget elementor-widget-image\" data-id=\"304a0a1\" data-element_type=\"widget\" data-e-type=\"widget\" data-widget_type=\"image.default\">\n\t\t\t\t<div class=\"elementor-widget-container\">\n\t\t\t\t\t\t\t\t\t\t\t\t\t\t\t<img decoding=\"async\" width=\"1\" height=\"1\" src=\"https:\/\/vilniaustureklai.lt\/wp-content\/uploads\/2022\/03\/Ikonos-05.svg\" class=\"attachment-large size-large wp-image-9009\" alt=\"\" \/>\t\t\t\t\t\t\t\t\t\t\t\t\t\t\t<\/div>\n\t\t\t\t<\/div>\n\t\t\t\t<div class=\"elementor-element elementor-element-19531b0 elementor-widget__width-initial elementor-widget elementor-widget-emaurri_core_numbered_text\" data-id=\"19531b0\" data-element_type=\"widget\" data-e-type=\"widget\" data-widget_type=\"emaurri_core_numbered_text.default\">\n\t\t\t\t<div class=\"elementor-widget-container\">\n\t\t\t\t\t<div class=\"qodef-shortcode qodef-m  qodef-numbered-text\">\n        <div class=\"qodef-m-content\">\n\t    \t<h5 class=\"qodef-m-title\" style=\"margin-top: 3px\">Verslui<\/h5>\n\t    \t<p class=\"qodef-m-text\" style=\"font-size: 17px\">Galime pasi\u016blyti \u012fvairi\u0173 profili\u0173 tur\u0117kl\u0173 projektavimo, gamybos ir montavimo darbus daugiabu\u010diams, vie\u0161uojo naudojimo pastatams, mokykloms ir kitoms \u012fstaigoms.<\/p>\n\t    \t<a href=\"\/verslui\/\" target=\"_self\" class=\"qodef-m-button qodef-button qodef-layout--textual qodef-underline--center\" style=\"margin-top: 16px\">\n\t\t<span class=\"qodef-m-text\">Daugiau<\/span>\n\t<\/a>\n    <\/div>\n<\/div>\t\t\t\t<\/div>\n\t\t\t\t<\/div>\n\t\t\t\t\t<\/div>\n\t\t<\/div>\n\t\t\t\t<div data-tp-sc-link=\"\/laiptu-tureklai\/\" data-tp-sc-link-external=\"\" style=\"cursor: pointer\" class=\"elementor-column elementor-col-33 elementor-top-column elementor-element elementor-element-2d92a43\" data-id=\"2d92a43\" data-element_type=\"column\" data-e-type=\"column\">\n\t\t\t<div class=\"elementor-widget-wrap elementor-element-populated\">\n\t\t\t\t\t\t<div class=\"elementor-element elementor-element-e6f3392 elementor-widget elementor-widget-image\" data-id=\"e6f3392\" data-element_type=\"widget\" data-e-type=\"widget\" data-widget_type=\"image.default\">\n\t\t\t\t<div class=\"elementor-widget-container\">\n\t\t\t\t\t\t\t\t\t\t\t\t\t\t\t<img decoding=\"async\" width=\"1\" height=\"1\" src=\"https:\/\/vilniaustureklai.lt\/wp-content\/uploads\/2022\/03\/Ikonos-02.svg\" class=\"attachment-large size-large wp-image-9003\" alt=\"\" \/>\t\t\t\t\t\t\t\t\t\t\t\t\t\t\t<\/div>\n\t\t\t\t<\/div>\n\t\t\t\t<div class=\"elementor-element elementor-element-582306a elementor-widget__width-initial elementor-widget elementor-widget-emaurri_core_numbered_text\" data-id=\"582306a\" data-element_type=\"widget\" data-e-type=\"widget\" data-widget_type=\"emaurri_core_numbered_text.default\">\n\t\t\t\t<div class=\"elementor-widget-container\">\n\t\t\t\t\t<div class=\"qodef-shortcode qodef-m  qodef-numbered-text\">\n        <div class=\"qodef-m-content\">\n\t    \t<h5 class=\"qodef-m-title\" style=\"margin-top: 3px\"> Laipt\u0173 tur\u0117klai<\/h5>\n\t    \t<p class=\"qodef-m-text\" style=\"font-size: 17px\">Laipt\u0173 tur\u0117klai, arba dar vadinami vidaus tur\u0117klai gali b\u016bti montuojami ant pakop\u0173 vir\u0161aus arba i\u0161 laipt\u0173 mar\u0161\u0173 \u0161ono.<\/p>\n\t    \t<a href=\"\/laiptu-tureklai\/\" target=\"_self\" class=\"qodef-m-button qodef-button qodef-layout--textual qodef-underline--center\" style=\"margin-top: 16px\">\n\t\t<span class=\"qodef-m-text\">Daugiau<\/span>\n\t<\/a>\n    <\/div>\n<\/div>\t\t\t\t<\/div>\n\t\t\t\t<\/div>\n\t\t\t\t\t<\/div>\n\t\t<\/div>\n\t\t\t\t<div data-tp-sc-link=\"\/daugiabuciu-tureklai\/\" data-tp-sc-link-external=\"\" style=\"cursor: pointer\" class=\"elementor-column elementor-col-33 elementor-top-column elementor-element elementor-element-0bf62dd\" data-id=\"0bf62dd\" data-element_type=\"column\" data-e-type=\"column\">\n\t\t\t<div class=\"elementor-widget-wrap elementor-element-populated\">\n\t\t\t\t\t\t<div class=\"elementor-element elementor-element-b764d79 elementor-widget elementor-widget-image\" data-id=\"b764d79\" data-element_type=\"widget\" data-e-type=\"widget\" data-widget_type=\"image.default\">\n\t\t\t\t<div class=\"elementor-widget-container\">\n\t\t\t\t\t\t\t\t\t\t\t\t\t\t\t<img loading=\"lazy\" decoding=\"async\" width=\"1\" height=\"1\" src=\"https:\/\/vilniaustureklai.lt\/wp-content\/uploads\/2022\/05\/Ikonos-10.svg\" class=\"attachment-large size-large wp-image-12717\" alt=\"\" \/>\t\t\t\t\t\t\t\t\t\t\t\t\t\t\t<\/div>\n\t\t\t\t<\/div>\n\t\t\t\t<div class=\"elementor-element elementor-element-d3ae9bb elementor-widget__width-initial elementor-widget elementor-widget-emaurri_core_numbered_text\" data-id=\"d3ae9bb\" data-element_type=\"widget\" data-e-type=\"widget\" data-widget_type=\"emaurri_core_numbered_text.default\">\n\t\t\t\t<div class=\"elementor-widget-container\">\n\t\t\t\t\t<div class=\"qodef-shortcode qodef-m  qodef-numbered-text\">\n        <div class=\"qodef-m-content\">\n\t    \t<h5 class=\"qodef-m-title\" style=\"margin-top: 3px\"> Daugiabu\u010di\u0173 tur\u0117klai <\/h5>\n\t    \t<p class=\"qodef-m-text\" style=\"font-size: 17px\">\u012emon\u0117 gali pasi\u016blyti \u012fvairaus profilio daugiabu\u010di\u0173 tur\u0117kl\u0173 projektavim\u0105, gamyb\u0105 ir montavim\u0105. <\/p>\n\t    \t<a href=\"\/daugiabuciu-tureklai\/\" target=\"_self\" class=\"qodef-m-button qodef-button qodef-layout--textual qodef-underline--center\" style=\"margin-top: 16px\">\n\t\t<span class=\"qodef-m-text\">Daugiau<\/span>\n\t<\/a>\n    <\/div>\n<\/div>\t\t\t\t<\/div>\n\t\t\t\t<\/div>\n\t\t\t\t\t<\/div>\n\t\t<\/div>\n\t\t\t\t\t<\/div>\n\t\t<\/section>\n\t\t\t\t<\/div>\n\t\t","protected":false},"excerpt":{"rendered":"<p>Career \u2014 Vilniaus Tur\u0117klai Join our team Vilniaus Tur\u0117klai \u2014 since 2015, we have been manufacturing and installing metal railings, stair structures, treads, and windowsills. We are looking for motivated specialists who want to grow with us. We offer stable work in Vilnius and a friendly team environment. &nbsp; 1. Designer \/ Engineer Nature of [&hellip;]<\/p>\n","protected":false},"author":1,"featured_media":0,"parent":0,"menu_order":59,"comment_status":"closed","ping_status":"closed","template":"page-full-width.php","meta":{"footnotes":""},"class_list":["post-27049","page","type-page","status-publish","hentry"],"_links":{"self":[{"href":"https:\/\/vilniaustureklai.lt\/en\/wp-json\/wp\/v2\/pages\/27049","targetHints":{"allow":["GET"]}}],"collection":[{"href":"https:\/\/vilniaustureklai.lt\/en\/wp-json\/wp\/v2\/pages"}],"about":[{"href":"https:\/\/vilniaustureklai.lt\/en\/wp-json\/wp\/v2\/types\/page"}],"author":[{"embeddable":true,"href":"https:\/\/vilniaustureklai.lt\/en\/wp-json\/wp\/v2\/users\/1"}],"replies":[{"embeddable":true,"href":"https:\/\/vilniaustureklai.lt\/en\/wp-json\/wp\/v2\/comments?post=27049"}],"version-history":[{"count":16,"href":"https:\/\/vilniaustureklai.lt\/en\/wp-json\/wp\/v2\/pages\/27049\/revisions"}],"predecessor-version":[{"id":27083,"href":"https:\/\/vilniaustureklai.lt\/en\/wp-json\/wp\/v2\/pages\/27049\/revisions\/27083"}],"wp:attachment":[{"href":"https:\/\/vilniaustureklai.lt\/en\/wp-json\/wp\/v2\/media?parent=27049"}],"curies":[{"name":"wp","href":"https:\/\/api.w.org\/{rel}","templated":true}]}}